{"id":6259,"date":"2023-01-02T09:43:23","date_gmt":"2023-01-02T09:43:23","guid":{"rendered":"https:\/\/elearning.eprotect-project.eu\/analytics\/"},"modified":"2023-01-02T09:43:23","modified_gmt":"2023-01-02T09:43:23","slug":"analytics","status":"publish","type":"page","link":"https:\/\/elearning.eprotect-project.eu\/fr\/analytics\/","title":{"rendered":"Analytics"},"content":{"rendered":"<div class=\"cardet_analytics_div\"><h3 class='registered_users'>Registered Users: 66<\/h3>\t\r\n\t<h2 class=\"uk-h2\">Bo\u00eete \u00e0 outils<\/h2>\r\n\t<h5 class=\"uk-h5\">Completed by 0 users<\/h5>\r\n\t<table class=\"uk-table uk-table-hover uk-table-divider cardet_analytics_table\">\r\n    <thead>\r\n        <tr>\r\n            <th>Title<\/th>\r\n            <th>Type<\/th>\r\n            <th>Downloads\/Completions<\/th>\r\n        <\/tr>\r\n    <\/thead>\r\n    <tbody> \r\n\t\t\t<tr class=\"lesson-tr\">\r\n\t\t\t<td>Faire participer les personnes \u00e2g\u00e9es au monde num\u00e9rique<\/td>\r\n\t\t\t<td>Module<\/td>\r\n\t\t\t<td>3<\/td>\r\n\t\t<\/tr>\r\n\t\t\t\t<tr class=\"lesson-tr\">\r\n\t\t\t<td>Styles, m\u00e9thodes et pratiques d&rsquo;enseignement.<\/td>\r\n\t\t\t<td>Module<\/td>\r\n\t\t\t<td>2<\/td>\r\n\t\t<\/tr>\r\n\t\t\t\t<tr class=\"lesson-tr\">\r\n\t\t\t<td>Le r\u00f4le des formateurs d&rsquo;adultes dans l&rsquo;\u00e9ducation des personnes  \u00e2g\u00e9es<\/td>\r\n\t\t\t<td>Module<\/td>\r\n\t\t\t<td>2<\/td>\r\n\t\t<\/tr>\r\n\t\t\t\t<tr class=\"lesson-tr\">\r\n\t\t\t<td>L\u2019\u00e9chelle de comp\u00e9tences e-Protect.<\/td>\r\n\t\t\t<td>Module<\/td>\r\n\t\t\t<td>1<\/td>\r\n\t\t<\/tr>\r\n\t\t\t\t<tr class=\"lesson-tr\">\r\n\t\t\t<td>Le programme d\u2019\u00e9tudes e-Protect<\/td>\r\n\t\t\t<td>Module<\/td>\r\n\t\t\t<td>0<\/td>\r\n\t\t<\/tr>\r\n\t\t\t\t<tr class=\"lesson-tr\">\r\n\t\t\t<td>Pr\u00e9parer les cours<\/td>\r\n\t\t\t<td>Module<\/td>\r\n\t\t\t<td>0<\/td>\r\n\t\t<\/tr>\r\n\t\t\t\t<tr class=\"lesson-tr\">\r\n\t\t\t<td>L\u2019espace d\u2019apprentissage en ligne e-Protect<\/td>\r\n\t\t\t<td>Module<\/td>\r\n\t\t\t<td>0<\/td>\r\n\t\t<\/tr>\r\n\t\t\t\t<tr class=\"lesson-tr\">\r\n\t\t\t<td>Bibliographie<\/td>\r\n\t\t\t<td>Module<\/td>\r\n\t\t\t<td>0<\/td>\r\n\t\t<\/tr>\r\n\t\t\t\t<tr class=\"lesson-tr\">\r\n\t\t\t<td>Partenaires<\/td>\r\n\t\t\t<td>Module<\/td>\r\n\t\t\t<td>0<\/td>\r\n\t\t<\/tr>\r\n\t\t\t<\/tbody>\r\n\t<\/table>\r\n\t\r\n\t\t\r\n\t<h2 class=\"uk-h2\">Comportement et protection des consommateurs<\/h2>\r\n\t<h5 class=\"uk-h5\">Completed by 0 users<\/h5>\r\n\t<table class=\"uk-table uk-table-hover uk-table-divider cardet_analytics_table\">\r\n    <thead>\r\n        <tr>\r\n            <th>Title<\/th>\r\n            <th>Type<\/th>\r\n            <th>Downloads\/Completions<\/th>\r\n        <\/tr>\r\n    <\/thead>\r\n    <tbody> \r\n\t\t\t<tr class=\"lesson-tr\">\r\n\t\t\t<td>Places de march\u00e9 num\u00e9riques<\/td>\r\n\t\t\t<td>Module<\/td>\r\n\t\t\t<td>0<\/td>\r\n\t\t<\/tr>\r\n\t\t\t\t<tr class=\"quiz-tr\">\r\n\t\t\r\n\t\t\t<td><span uk-icon=\"arrow-right\"><\/span>Acc\u00e9der et naviguer sur les places de march\u00e9 num\u00e9riques<\/td>\r\n\t\t\t<td>Quiz<\/td>\r\n\t\t\t<td>0<\/td>\r\n\t\t<\/tr>\r\n\t\t\t\t<tr class=\"quiz-tr\">\r\n\t\t\r\n\t\t\t<td><span uk-icon=\"arrow-right\"><\/span>Rechercher des biens et des services<\/td>\r\n\t\t\t<td>Quiz<\/td>\r\n\t\t\t<td>0<\/td>\r\n\t\t<\/tr>\r\n\t\t\t\t<tr class=\"quiz-tr\">\r\n\t\t\r\n\t\t\t<td><span uk-icon=\"arrow-right\"><\/span>\u00c9valuer et comparer les r\u00e9sultats<\/td>\r\n\t\t\t<td>Quiz<\/td>\r\n\t\t\t<td>0<\/td>\r\n\t\t<\/tr>\r\n\t\t\t\t<tr class=\"quiz-tr\">\r\n\t\t\r\n\t\t\t<td><span uk-icon=\"arrow-right\"><\/span>Prendre des d\u00e9cisions de mani\u00e8re critique<\/td>\r\n\t\t\t<td>Quiz<\/td>\r\n\t\t\t<td>0<\/td>\r\n\t\t<\/tr>\r\n\t\t\t\t<tr class=\"lesson-tr\">\r\n\t\t\t<td>Droits des acheteurs et responsabilit\u00e9s des vendeurs<\/td>\r\n\t\t\t<td>Module<\/td>\r\n\t\t\t<td>0<\/td>\r\n\t\t<\/tr>\r\n\t\t\t\t<tr class=\"quiz-tr\">\r\n\t\t\r\n\t\t\t<td><span uk-icon=\"arrow-right\"><\/span>S&rsquo;informer sur les r\u00e8gles des places de march\u00e9 num\u00e9riques<\/td>\r\n\t\t\t<td>Quiz<\/td>\r\n\t\t\t<td>0<\/td>\r\n\t\t<\/tr>\r\n\t\t\t\t<tr class=\"quiz-tr\">\r\n\t\t\r\n\t\t\t<td><span uk-icon=\"arrow-right\"><\/span>\u00c9valuer la fiabilit\u00e9 des vendeurs<\/td>\r\n\t\t\t<td>Quiz<\/td>\r\n\t\t\t<td>0<\/td>\r\n\t\t<\/tr>\r\n\t\t\t\t<tr class=\"quiz-tr\">\r\n\t\t\r\n\t\t\t<td><span uk-icon=\"arrow-right\"><\/span>Faire valoir les droits des consommateurs<\/td>\r\n\t\t\t<td>Quiz<\/td>\r\n\t\t\t<td>0<\/td>\r\n\t\t<\/tr>\r\n\t\t\t\t<tr class=\"quiz-tr\">\r\n\t\t\r\n\t\t\t<td><span uk-icon=\"arrow-right\"><\/span>Apporter soutien et recours<\/td>\r\n\t\t\t<td>Quiz<\/td>\r\n\t\t\t<td>0<\/td>\r\n\t\t<\/tr>\r\n\t\t\t\t<tr class=\"lesson-tr\">\r\n\t\t\t<td>Publicit\u00e9s commerciales<\/td>\r\n\t\t\t<td>Module<\/td>\r\n\t\t\t<td>0<\/td>\r\n\t\t<\/tr>\r\n\t\t\t\t<tr class=\"quiz-tr\">\r\n\t\t\r\n\t\t\t<td><span uk-icon=\"arrow-right\"><\/span>Reconna\u00eetre la communication commerciale<\/td>\r\n\t\t\t<td>Quiz<\/td>\r\n\t\t\t<td>0<\/td>\r\n\t\t<\/tr>\r\n\t\t\t\t<tr class=\"quiz-tr\">\r\n\t\t\r\n\t\t\t<td><span uk-icon=\"arrow-right\"><\/span>\u00c9valuer les informations commerciales<\/td>\r\n\t\t\t<td>Quiz<\/td>\r\n\t\t\t<td>0<\/td>\r\n\t\t<\/tr>\r\n\t\t\t\t<tr class=\"quiz-tr\">\r\n\t\t\r\n\t\t\t<td><span uk-icon=\"arrow-right\"><\/span>Interpr\u00e9ter les pratiques publicitaires en ligne<\/td>\r\n\t\t\t<td>Quiz<\/td>\r\n\t\t\t<td>0<\/td>\r\n\t\t<\/tr>\r\n\t\t\t\t<tr class=\"quiz-tr\">\r\n\t\t\r\n\t\t\t<td><span uk-icon=\"arrow-right\"><\/span>Optimiser le marketing direct<\/td>\r\n\t\t\t<td>Quiz<\/td>\r\n\t\t\t<td>0<\/td>\r\n\t\t<\/tr>\r\n\t\t\t\t<tr class=\"lesson-tr\">\r\n\t\t\t<td>Consommation responsable<\/td>\r\n\t\t\t<td>Module<\/td>\r\n\t\t\t<td>0<\/td>\r\n\t\t<\/tr>\r\n\t\t\t\t<tr class=\"quiz-tr\">\r\n\t\t\r\n\t\t\t<td><span uk-icon=\"arrow-right\"><\/span>Comprendre l&rsquo;impact du comportement du consommateur<\/td>\r\n\t\t\t<td>Quiz<\/td>\r\n\t\t\t<td>0<\/td>\r\n\t\t<\/tr>\r\n\t\t\t\t<tr class=\"quiz-tr\">\r\n\t\t\r\n\t\t\t<td><span uk-icon=\"arrow-right\"><\/span>\u00c9valuer l&rsquo;impact environnemental des choix de consommation<\/td>\r\n\t\t\t<td>Quiz<\/td>\r\n\t\t\t<td>0<\/td>\r\n\t\t<\/tr>\r\n\t\t\t\t<tr class=\"quiz-tr\">\r\n\t\t\r\n\t\t\t<td><span uk-icon=\"arrow-right\"><\/span>Appliquer la consommation socialement responsable<\/td>\r\n\t\t\t<td>Quiz<\/td>\r\n\t\t\t<td>0<\/td>\r\n\t\t<\/tr>\r\n\t\t\t\t<tr class=\"quiz-tr\">\r\n\t\t\r\n\t\t\t<td><span uk-icon=\"arrow-right\"><\/span>D\u00e9fendre la consommation durable<\/td>\r\n\t\t\t<td>Quiz<\/td>\r\n\t\t\t<td>0<\/td>\r\n\t\t<\/tr>\r\n\t\t\t<\/tbody>\r\n\t<\/table>\r\n\t\r\n\t\t\r\n\t<h2 class=\"uk-h2\">Paiements et transactions en ligne<\/h2>\r\n\t<h5 class=\"uk-h5\">Completed by 0 users<\/h5>\r\n\t<table class=\"uk-table uk-table-hover uk-table-divider cardet_analytics_table\">\r\n    <thead>\r\n        <tr>\r\n            <th>Title<\/th>\r\n            <th>Type<\/th>\r\n            <th>Downloads\/Completions<\/th>\r\n        <\/tr>\r\n    <\/thead>\r\n    <tbody> \r\n\t\t\t<tr class=\"lesson-tr\">\r\n\t\t\t<td>Paiements et finances<\/td>\r\n\t\t\t<td>Module<\/td>\r\n\t\t\t<td>1<\/td>\r\n\t\t<\/tr>\r\n\t\t\t\t<tr class=\"quiz-tr\">\r\n\t\t\r\n\t\t\t<td><span uk-icon=\"arrow-right\"><\/span>Conna\u00eetre les services financiers disponibles<\/td>\r\n\t\t\t<td>Quiz<\/td>\r\n\t\t\t<td>0<\/td>\r\n\t\t<\/tr>\r\n\t\t\t\t<tr class=\"quiz-tr\">\r\n\t\t\r\n\t\t\t<td><span uk-icon=\"arrow-right\"><\/span>Acc\u00e9der \u00e0 des canaux de paiement s\u00e9curis\u00e9s<\/td>\r\n\t\t\t<td>Quiz<\/td>\r\n\t\t\t<td>0<\/td>\r\n\t\t<\/tr>\r\n\t\t\t\t<tr class=\"quiz-tr\">\r\n\t\t\r\n\t\t\t<td><span uk-icon=\"arrow-right\"><\/span>Initier des paiements s\u00fbrs<\/td>\r\n\t\t\t<td>Quiz<\/td>\r\n\t\t\t<td>0<\/td>\r\n\t\t<\/tr>\r\n\t\t\t\t<tr class=\"quiz-tr\">\r\n\t\t\r\n\t\t\t<td><span uk-icon=\"arrow-right\"><\/span>Transactions de fichiers<\/td>\r\n\t\t\t<td>Quiz<\/td>\r\n\t\t\t<td>0<\/td>\r\n\t\t<\/tr>\r\n\t\t\t\t<tr class=\"lesson-tr\">\r\n\t\t\t<td>Banque en ligne<\/td>\r\n\t\t\t<td>Module<\/td>\r\n\t\t\t<td>0<\/td>\r\n\t\t<\/tr>\r\n\t\t\t\t<tr class=\"quiz-tr\">\r\n\t\t\r\n\t\t\t<td><span uk-icon=\"arrow-right\"><\/span>Acc\u00e9der \u00e0 un compte bancaire en ligne<\/td>\r\n\t\t\t<td>Quiz<\/td>\r\n\t\t\t<td>0<\/td>\r\n\t\t<\/tr>\r\n\t\t\t\t<tr class=\"quiz-tr\">\r\n\t\t\r\n\t\t\t<td><span uk-icon=\"arrow-right\"><\/span>G\u00e9rer des comptes bancaires<\/td>\r\n\t\t\t<td>Quiz<\/td>\r\n\t\t\t<td>0<\/td>\r\n\t\t<\/tr>\r\n\t\t\t\t<tr class=\"quiz-tr\">\r\n\t\t\r\n\t\t\t<td><span uk-icon=\"arrow-right\"><\/span>Effectuer des transferts d&rsquo;argent et des paiements courants<\/td>\r\n\t\t\t<td>Quiz<\/td>\r\n\t\t\t<td>0<\/td>\r\n\t\t<\/tr>\r\n\t\t\t\t<tr class=\"quiz-tr\">\r\n\t\t\r\n\t\t\t<td><span uk-icon=\"arrow-right\"><\/span>G\u00e9rer des services bancaires<\/td>\r\n\t\t\t<td>Quiz<\/td>\r\n\t\t\t<td>0<\/td>\r\n\t\t<\/tr>\r\n\t\t\t\t<tr class=\"lesson-tr\">\r\n\t\t\t<td>Mesures de s\u00e9curit\u00e9 et menaces<\/td>\r\n\t\t\t<td>Module<\/td>\r\n\t\t\t<td>0<\/td>\r\n\t\t<\/tr>\r\n\t\t\t\t<tr class=\"quiz-tr\">\r\n\t\t\r\n\t\t\t<td><span uk-icon=\"arrow-right\"><\/span>S&rsquo;informer sur les menaces et les fraudes<\/td>\r\n\t\t\t<td>Quiz<\/td>\r\n\t\t\t<td>0<\/td>\r\n\t\t<\/tr>\r\n\t\t\t\t<tr class=\"quiz-tr\">\r\n\t\t\r\n\t\t\t<td><span uk-icon=\"arrow-right\"><\/span>Reconna\u00eetre les menaces et les attaques en ligne<\/td>\r\n\t\t\t<td>Quiz<\/td>\r\n\t\t\t<td>0<\/td>\r\n\t\t<\/tr>\r\n\t\t\t\t<tr class=\"quiz-tr\">\r\n\t\t\r\n\t\t\t<td><span uk-icon=\"arrow-right\"><\/span>Contester l&rsquo;utilisation frauduleuse<\/td>\r\n\t\t\t<td>Quiz<\/td>\r\n\t\t\t<td>0<\/td>\r\n\t\t<\/tr>\r\n\t\t\t\t<tr class=\"quiz-tr\">\r\n\t\t\r\n\t\t\t<td><span uk-icon=\"arrow-right\"><\/span>R\u00e9parer et se faire rembourser<\/td>\r\n\t\t\t<td>Quiz<\/td>\r\n\t\t\t<td>0<\/td>\r\n\t\t<\/tr>\r\n\t\t\t<\/tbody>\r\n\t<\/table>\r\n\t\r\n\t\t\r\n\t<h2 class=\"uk-h2\">Protection des donn\u00e9es et vie priv\u00e9e<\/h2>\r\n\t<h5 class=\"uk-h5\">Completed by 1 users<\/h5>\r\n\t<table class=\"uk-table uk-table-hover uk-table-divider cardet_analytics_table\">\r\n    <thead>\r\n        <tr>\r\n            <th>Title<\/th>\r\n            <th>Type<\/th>\r\n            <th>Downloads\/Completions<\/th>\r\n        <\/tr>\r\n    <\/thead>\r\n    <tbody> \r\n\t\t\t<tr class=\"lesson-tr\">\r\n\t\t\t<td>Donn\u00e9es personnelles et vie priv\u00e9e<\/td>\r\n\t\t\t<td>Module<\/td>\r\n\t\t\t<td>2<\/td>\r\n\t\t<\/tr>\r\n\t\t\t\t<tr class=\"quiz-tr\">\r\n\t\t\r\n\t\t\t<td><span uk-icon=\"arrow-right\"><\/span>Comprendre comment et pourquoi les donn\u00e9es sont collect\u00e9es<\/td>\r\n\t\t\t<td>Quiz<\/td>\r\n\t\t\t<td>0<\/td>\r\n\t\t<\/tr>\r\n\t\t\t\t<tr class=\"quiz-tr\">\r\n\t\t\r\n\t\t\t<td><span uk-icon=\"arrow-right\"><\/span>Reconna\u00eetre les termes de la politique de confidentialit\u00e9<\/td>\r\n\t\t\t<td>Quiz<\/td>\r\n\t\t\t<td>0<\/td>\r\n\t\t<\/tr>\r\n\t\t\t\t<tr class=\"quiz-tr\">\r\n\t\t\r\n\t\t\t<td><span uk-icon=\"arrow-right\"><\/span>Prendre des mesures pour prot\u00e9ger les donn\u00e9es personnelles<\/td>\r\n\t\t\t<td>Quiz<\/td>\r\n\t\t\t<td>0<\/td>\r\n\t\t<\/tr>\r\n\t\t\t\t<tr class=\"quiz-tr\">\r\n\t\t\r\n\t\t\t<td><span uk-icon=\"arrow-right\"><\/span>G\u00e9rer les donn\u00e9es personnelles<\/td>\r\n\t\t\t<td>Quiz<\/td>\r\n\t\t\t<td>0<\/td>\r\n\t\t<\/tr>\r\n\t\t\t\t<tr class=\"lesson-tr\">\r\n\t\t\t<td>Identit\u00e9 num\u00e9rique<\/td>\r\n\t\t\t<td>Module<\/td>\r\n\t\t\t<td>1<\/td>\r\n\t\t<\/tr>\r\n\t\t\t\t<tr class=\"quiz-tr\">\r\n\t\t\r\n\t\t\t<td><span uk-icon=\"arrow-right\"><\/span>Reconna\u00eetre l&rsquo;utilisation de l&rsquo;identit\u00e9 num\u00e9rique<\/td>\r\n\t\t\t<td>Quiz<\/td>\r\n\t\t\t<td>0<\/td>\r\n\t\t<\/tr>\r\n\t\t\t\t<tr class=\"quiz-tr\">\r\n\t\t\r\n\t\t\t<td><span uk-icon=\"arrow-right\"><\/span>Construire des identit\u00e9s num\u00e9riques<\/td>\r\n\t\t\t<td>Quiz<\/td>\r\n\t\t\t<td>0<\/td>\r\n\t\t<\/tr>\r\n\t\t\t\t<tr class=\"quiz-tr\">\r\n\t\t\r\n\t\t\t<td><span uk-icon=\"arrow-right\"><\/span>G\u00e9rer les pr\u00e9f\u00e9rences et les int\u00e9r\u00eats<\/td>\r\n\t\t\t<td>Quiz<\/td>\r\n\t\t\t<td>0<\/td>\r\n\t\t<\/tr>\r\n\t\t\t\t<tr class=\"quiz-tr\">\r\n\t\t\r\n\t\t\t<td><span uk-icon=\"arrow-right\"><\/span>Profiter des avantages des profils en ligne<\/td>\r\n\t\t\t<td>Quiz<\/td>\r\n\t\t\t<td>0<\/td>\r\n\t\t<\/tr>\r\n\t\t\t\t<tr class=\"lesson-tr\">\r\n\t\t\t<td>R\u00e9seaux sociaux s\u00e9curis\u00e9s<\/td>\r\n\t\t\t<td>Module<\/td>\r\n\t\t\t<td>1<\/td>\r\n\t\t<\/tr>\r\n\t\t\t\t<tr class=\"quiz-tr\">\r\n\t\t\r\n\t\t\t<td><span uk-icon=\"arrow-right\"><\/span>Comprendre la dynamique des m\u00e9dias sociaux<\/td>\r\n\t\t\t<td>Quiz<\/td>\r\n\t\t\t<td>0<\/td>\r\n\t\t<\/tr>\r\n\t\t\t\t<tr class=\"quiz-tr\">\r\n\t\t\r\n\t\t\t<td><span uk-icon=\"arrow-right\"><\/span>Interagir de mani\u00e8re responsable dans les communaut\u00e9s num\u00e9riques<\/td>\r\n\t\t\t<td>Quiz<\/td>\r\n\t\t\t<td>0<\/td>\r\n\t\t<\/tr>\r\n\t\t\t\t<tr class=\"quiz-tr\">\r\n\t\t\r\n\t\t\t<td><span uk-icon=\"arrow-right\"><\/span>Ajuster les param\u00e8tres de confidentialit\u00e9 sur les m\u00e9dias sociaux<\/td>\r\n\t\t\t<td>Quiz<\/td>\r\n\t\t\t<td>0<\/td>\r\n\t\t<\/tr>\r\n\t\t\t\t<tr class=\"quiz-tr\">\r\n\t\t\r\n\t\t\t<td><span uk-icon=\"arrow-right\"><\/span>Contribuer positivement par le biais des m\u00e9dias sociaux<\/td>\r\n\t\t\t<td>Quiz<\/td>\r\n\t\t\t<td>0<\/td>\r\n\t\t<\/tr>\r\n\t\t\t<\/tbody>\r\n\t<\/table>\r\n\t\r\n\t<\/div>\n","protected":false},"excerpt":{"rendered":"","protected":false},"author":1,"featured_media":0,"parent":0,"menu_order":0,"comment_status":"closed","ping_status":"closed","template":"","meta":{"_acf_changed":false,"inline_featured_image":false,"footnotes":""},"class_list":["post-6259","page","type-page","status-publish","hentry"],"acf":[],"_links":{"self":[{"href":"https:\/\/elearning.eprotect-project.eu\/fr\/wp-json\/wp\/v2\/pages\/6259","targetHints":{"allow":["GET"]}}],"collection":[{"href":"https:\/\/elearning.eprotect-project.eu\/fr\/wp-json\/wp\/v2\/pages"}],"about":[{"href":"https:\/\/elearning.eprotect-project.eu\/fr\/wp-json\/wp\/v2\/types\/page"}],"author":[{"embeddable":true,"href":"https:\/\/elearning.eprotect-project.eu\/fr\/wp-json\/wp\/v2\/users\/1"}],"replies":[{"embeddable":true,"href":"https:\/\/elearning.eprotect-project.eu\/fr\/wp-json\/wp\/v2\/comments?post=6259"}],"version-history":[{"count":0,"href":"https:\/\/elearning.eprotect-project.eu\/fr\/wp-json\/wp\/v2\/pages\/6259\/revisions"}],"wp:attachment":[{"href":"https:\/\/elearning.eprotect-project.eu\/fr\/wp-json\/wp\/v2\/media?parent=6259"}],"curies":[{"name":"wp","href":"https:\/\/api.w.org\/{rel}","templated":true}]}}